{"id":19940,"date":"2020-07-04T06:41:16","date_gmt":"2020-07-04T06:41:16","guid":{"rendered":"https:\/\/www.tesorinascosti.com\/mercatinousato\/?page_id=19940"},"modified":"2020-07-05T07:51:48","modified_gmt":"2020-07-05T07:51:48","slug":"trasloco","status":"publish","type":"page","link":"https:\/\/www.tesorinascosti.com\/mercatinousato\/trasloco\/","title":{"rendered":"Trasloco"},"content":{"rendered":"<section class=\"no-padding xs-margin-ten-bottom\"><div class=\"container-fluid\"><div class=\"row\"><div class=\"wpb_column hcode-column-container  col-xs-mobile-fullwidth\" data-front-class=\"col-xs-mobile-fullwidth front-column-class\"><div class=\"vc-column-innner-wrapper\"><h1>Vuoi una quotazione per il tuo trasloco? Compila il modulo e ti risponderemo quanto prima!<\/h1>\n[vc_empty_space]\n<div class=\"wpcf7 no-js\" id=\"wpcf7-f19196-o1\" lang=\"it-IT\" dir=\"ltr\" data-wpcf7-id=\"19196\">\n<div class=\"screen-reader-response\"><p role=\"status\" aria-live=\"polite\" aria-atomic=\"true\"><\/p> <ul><\/ul><\/div>\n<form action=\"\/mercatinousato\/wp-json\/wp\/v2\/pages\/19940#wpcf7-f19196-o1\" method=\"post\" class=\"wpcf7-form init\" aria-label=\"Modulo di contatto\" enctype=\"multipart\/form-data\" novalidate=\"novalidate\" data-status=\"init\">\n<fieldset class=\"hidden-fields-container\"><input type=\"hidden\" name=\"_wpcf7\" value=\"19196\" \/><input type=\"hidden\" name=\"_wpcf7_version\" value=\"6.1.2\" \/><input type=\"hidden\" name=\"_wpcf7_locale\" value=\"it_IT\" \/><input type=\"hidden\" name=\"_wpcf7_unit_tag\" value=\"wpcf7-f19196-o1\" \/><input type=\"hidden\" name=\"_wpcf7_container_post\" value=\"0\" \/><input type=\"hidden\" name=\"_wpcf7_posted_data_hash\" value=\"\" \/>\n<\/fieldset>\n<H3>I VOSTRI DATI\n<\/h3>\n<div class=\"no-margin\">\n\t<p><span class=\"wpcf7-form-control-wrap\" data-name=\"your-name\"><input size=\"40\" maxlength=\"400\" class=\"wpcf7-form-control wpcf7-text wpcf7-validates-as-required\" aria-required=\"true\" aria-invalid=\"false\" placeholder=\"NOME*\" value=\"\" type=\"text\" name=\"your-name\" \/><\/span>\n\t<\/p>\n\t<div class=\"no-margin\">\n\t\t<p><span class=\"wpcf7-form-control-wrap\" data-name=\"cognome\"><input size=\"40\" maxlength=\"400\" class=\"wpcf7-form-control wpcf7-text wpcf7-validates-as-required\" aria-required=\"true\" aria-invalid=\"false\" placeholder=\"COGNOME*\" value=\"\" type=\"text\" name=\"cognome\" \/><\/span>\n\t\t<\/p>\n\t\t<div class=\"no-margin\">\n\t\t\t<p><span class=\"wpcf7-form-control-wrap\" data-name=\"email-771\"><input size=\"40\" maxlength=\"400\" class=\"wpcf7-form-control wpcf7-email wpcf7-validates-as-required wpcf7-text wpcf7-validates-as-email\" aria-required=\"true\" aria-invalid=\"false\" placeholder=\"EMAIL*\" value=\"\" type=\"email\" name=\"email-771\" \/><\/span>\n\t\t\t<\/p>\n\t\t\t<div class=\"no-margin\">\n\t\t\t\t<p><span class=\"wpcf7-form-control-wrap\" data-name=\"TELEFONO\"><input size=\"40\" maxlength=\"400\" class=\"wpcf7-form-control wpcf7-tel wpcf7-validates-as-required wpcf7-text wpcf7-validates-as-tel\" aria-required=\"true\" aria-invalid=\"false\" placeholder=\"NUMERO CELLULARE*\" value=\"\" type=\"tel\" name=\"TELEFONO\" \/><\/span><br \/>\n\t\t\t\t<hr \/>\n\t\t\t\t<\/p>\n\t\t\t\t<div class=\"no-margin\">\n\t\t\t\t\t<p><b><\/b>\n\t\t\t\t\t<\/p>\n\t\t\t\t\t<H3>TRASLOCO DA\n\t\t\t\t\t<\/h3>\n\t\t\t\t\t<p><span class=\"wpcf7-form-control-wrap\" data-name=\"Traslocoda\"><span class=\"wpcf7-form-control wpcf7-radio\"><span class=\"wpcf7-list-item first\"><span class=\"wpcf7-list-item-label\">Casa<\/span><input type=\"radio\" name=\"Traslocoda\" value=\"Casa\" checked=\"checked\" \/><\/span><span class=\"wpcf7-list-item last\"><span class=\"wpcf7-list-item-label\">Appartamento<\/span><input type=\"radio\" name=\"Traslocoda\" value=\"Appartamento\" \/><\/span><\/span><\/span>\n\t\t\t\t\t<\/p>\n\t\t\t\t\t<div class=\"no-margin\">\n\t\t\t\t\t\t<p><span class=\"wpcf7-form-control-wrap\" data-name=\"comuneda\"><textarea cols=\"40\" rows=\"1\" maxlength=\"2000\" class=\"wpcf7-form-control wpcf7-textarea wpcf7-validates-as-required\" aria-required=\"true\" aria-invalid=\"false\" placeholder=\"COMUNE DI PARTENZA*\" name=\"comuneda\"><\/textarea><\/span>\n\t\t\t\t\t\t<\/p>\n\t\t\t\t\t\t<div class=\"no-margin\">\n\t\t\t\t\t\t\t<p><b>NUMERO STANZE<\/b><span class=\"wpcf7-form-control-wrap\" data-name=\"Stanze\"><span class=\"wpcf7-form-control wpcf7-radio\"><span class=\"wpcf7-list-item first\"><label><span class=\"wpcf7-list-item-label\">1<\/span><input type=\"radio\" name=\"Stanze\" value=\"1\" checked=\"checked\" \/><\/label><\/span><span class=\"wpcf7-list-item\"><label><span class=\"wpcf7-list-item-label\">2<\/span><input type=\"radio\" name=\"Stanze\" value=\"2\" \/><\/label><\/span><span class=\"wpcf7-list-item\"><label><span class=\"wpcf7-list-item-label\">3<\/span><input type=\"radio\" name=\"Stanze\" value=\"3\" \/><\/label><\/span><span class=\"wpcf7-list-item\"><label><span class=\"wpcf7-list-item-label\">4<\/span><input type=\"radio\" name=\"Stanze\" value=\"4\" \/><\/label><\/span><span class=\"wpcf7-list-item last\"><label><span class=\"wpcf7-list-item-label\">5 o pi\u00f9<\/span><input type=\"radio\" name=\"Stanze\" value=\"5 o pi\u00f9\" \/><\/label><\/span><\/span><\/span>\n\t\t\t\t\t\t\t<\/p>\n\t\t\t\t\t\t\t<div class=\"no-margin\">\n\t\t\t\t\t\t\t\t<p><b>ASCENSORE<\/b><span class=\"wpcf7-form-control-wrap\" data-name=\"Ascensoreda\"><span class=\"wpcf7-form-control wpcf7-radio\"><span class=\"wpcf7-list-item first\"><label><span class=\"wpcf7-list-item-label\">Si<\/span><input type=\"radio\" name=\"Ascensoreda\" value=\"Si\" checked=\"checked\" \/><\/label><\/span><span class=\"wpcf7-list-item last\"><label><span class=\"wpcf7-list-item-label\">No<\/span><input type=\"radio\" name=\"Ascensoreda\" value=\"No\" \/><\/label><\/span><\/span><\/span>\n\t\t\t\t\t\t\t\t<\/p>\n\t\t\t\t\t\t\t\t<div class=\"no-margin\">\n\t\t\t\t\t\t\t\t\t<p><b>PIANO<\/b><span class=\"wpcf7-form-control-wrap\" data-name=\"Pianoda\"><select class=\"wpcf7-form-control wpcf7-select wpcf7-validates-as-required\" aria-required=\"true\" aria-invalid=\"false\" name=\"Pianoda\"><option value=\"0\">0<\/option><option value=\"1\">1<\/option><option value=\"2\">2<\/option><option value=\"3\">3<\/option><option value=\"4\">4<\/option><option value=\"5 o pi\u00f9\">5 o pi\u00f9<\/option><\/select><\/span><br \/>\n\t\t\t\t\t\t\t\t\t<hr \/>\n\t\t\t\t\t\t\t\t\t<\/p>\n\t\t\t\t\t\t\t\t\t<div class=\"no-margin\">\n\t\t\t\t\t\t\t\t\t\t<p><b><\/b>\n\t\t\t\t\t\t\t\t\t\t<\/p>\n\t\t\t\t\t\t\t\t\t\t<H3>TRASLOCO VERSO\n\t\t\t\t\t\t\t\t\t\t<\/h3>\n\t\t\t\t\t\t\t\t\t\t<p><span class=\"wpcf7-form-control-wrap\" data-name=\"Traslocoverso\"><span class=\"wpcf7-form-control wpcf7-radio\"><span class=\"wpcf7-list-item first\"><span class=\"wpcf7-list-item-label\">Casa<\/span><input type=\"radio\" name=\"Traslocoverso\" value=\"Casa\" checked=\"checked\" \/><\/span><span class=\"wpcf7-list-item last\"><span class=\"wpcf7-list-item-label\">Appartamento<\/span><input type=\"radio\" name=\"Traslocoverso\" value=\"Appartamento\" \/><\/span><\/span><\/span>\n\t\t\t\t\t\t\t\t\t\t<\/p>\n\t\t\t\t\t\t\t\t\t\t<div class=\"no-margin\">\n\t\t\t\t\t\t\t\t\t\t\t<p><span class=\"wpcf7-form-control-wrap\" data-name=\"comuneverso\"><textarea cols=\"40\" rows=\"1\" maxlength=\"2000\" class=\"wpcf7-form-control wpcf7-textarea wpcf7-validates-as-required\" aria-required=\"true\" aria-invalid=\"false\" placeholder=\"COMUNE DI ARRIVO*\" name=\"comuneverso\"><\/textarea><\/span>\n\t\t\t\t\t\t\t\t\t\t\t<\/p>\n\t\t\t\t\t\t\t\t\t\t\t<div class=\"no-margin\">\n\t\t\t\t\t\t\t\t\t\t\t\t<p><b>ASCENSORE<\/b><span class=\"wpcf7-form-control-wrap\" data-name=\"Ascensoreverso\"><span class=\"wpcf7-form-control wpcf7-radio\"><span class=\"wpcf7-list-item first\"><label><span class=\"wpcf7-list-item-label\">Si<\/span><input type=\"radio\" name=\"Ascensoreverso\" value=\"Si\" checked=\"checked\" \/><\/label><\/span><span class=\"wpcf7-list-item last\"><label><span class=\"wpcf7-list-item-label\">No<\/span><input type=\"radio\" name=\"Ascensoreverso\" value=\"No\" \/><\/label><\/span><\/span><\/span>\n\t\t\t\t\t\t\t\t\t\t\t\t<\/p>\n\t\t\t\t\t\t\t\t\t\t\t\t<div class=\"no-margin\">\n\t\t\t\t\t\t\t\t\t\t\t\t\t<p><b>PIANO<\/b><span class=\"wpcf7-form-control-wrap\" data-name=\"Pianoverso\"><select class=\"wpcf7-form-control wpcf7-select wpcf7-validates-as-required\" aria-required=\"true\" aria-invalid=\"false\" name=\"Pianoverso\"><option value=\"0\">0<\/option><option value=\"1\">1<\/option><option value=\"2\">2<\/option><option value=\"3\">3<\/option><option value=\"4\">4<\/option><option value=\"5 o pi\u00f9\">5 o pi\u00f9<\/option><\/select><\/span><br \/>\n\t\t\t\t\t\t\t\t\t\t\t\t\t<hr \/>\n\t\t\t\t\t\t\t\t\t\t\t\t\t<\/p>\n\t\t\t\t\t\t\t\t\t\t\t\t\t<div class=\"no-margin\">\n\t\t\t\t\t\t\t\t\t\t\t\t\t\t<p><b>SERVIZI AGGIUNTIVI<\/b><span class=\"wpcf7-form-control-wrap\" data-name=\"Informazioniaggiuntive\"><span class=\"wpcf7-form-control wpcf7-checkbox\"><span class=\"wpcf7-list-item first\"><input type=\"checkbox\" name=\"Informazioniaggiuntive[]\" value=\"Servizio di imballaggio\" \/><span class=\"wpcf7-list-item-label\">Servizio di imballaggio<\/span><\/span><span class=\"wpcf7-list-item\"><input type=\"checkbox\" name=\"Informazioniaggiuntive[]\" value=\"Materiale di imballaggio\" \/><span class=\"wpcf7-list-item-label\">Materiale di imballaggio<\/span><\/span><span class=\"wpcf7-list-item\"><input type=\"checkbox\" name=\"Informazioniaggiuntive[]\" value=\"Smontare \/ rimontare articoli\" \/><span class=\"wpcf7-list-item-label\">Smontare \/ rimontare articoli<\/span><\/span><span class=\"wpcf7-list-item last\"><input type=\"checkbox\" name=\"Informazioniaggiuntive[]\" value=\"Deposito\" \/><span class=\"wpcf7-list-item-label\">Deposito<\/span><\/span><\/span><\/span>\n\t\t\t\t\t\t\t\t\t\t\t\t\t\t<\/p>\n\t\t\t\t\t\t\t\t\t\t\t\t\t\t<div class=\"no-margin\">\n\t\t\t\t\t\t\t\t\t\t\t\t\t\t\t<p><span class=\"wpcf7-form-control-wrap\" data-name=\"your-message\"><textarea cols=\"40\" rows=\"4\" maxlength=\"2000\" class=\"wpcf7-form-control wpcf7-textarea\" aria-invalid=\"false\" placeholder=\"SPECIFICARE CHE TIPO DI ACCESSO E&#039; PRESENTE\" name=\"your-message\"><\/textarea><\/span>\n\t\t\t\t\t\t\t\t\t\t\t\t\t\t\t<\/p>\n\t\t\t\t\t\t\t\t\t\t\t\t\t\t\t<div class=\"no-margin\">\n\t\t\t\t\t\t\t\t\t\t\t\t\t\t\t\t<p><b>ALLEGATO<\/b><span class=\"wpcf7-form-control-wrap\" data-name=\"file-174\"><input size=\"40\" class=\"wpcf7-form-control wpcf7-file\" accept=\".png,.jpg,.zip,.pdf\" aria-invalid=\"false\" type=\"file\" name=\"file-174\" \/><\/span>\n\t\t\t\t\t\t\t\t\t\t\t\t\t\t\t\t<\/p>\n\t\t\t\t\t\t\t\t\t\t\t\t\t\t\t\t<div class=\"no-margin\">\n\t\t\t\t\t\t\t\t\t\t\t\t\t\t\t\t\t<p><b>ALLEGATO<\/b><span class=\"wpcf7-form-control-wrap\" data-name=\"file-175\"><input size=\"40\" class=\"wpcf7-form-control wpcf7-file\" accept=\".png,.jpg,.zip,.pdf\" aria-invalid=\"false\" type=\"file\" name=\"file-175\" \/><\/span>\n\t\t\t\t\t\t\t\t\t\t\t\t\t\t\t\t\t<\/p>\n\t\t\t\t\t\t\t\t\t\t\t\t\t\t\t\t\t<div class=\"no-margin\">\n\t\t\t\t\t\t\t\t\t\t\t\t\t\t\t\t\t\t<p><b>ALLEGATO<\/b><span class=\"wpcf7-form-control-wrap\" data-name=\"file-176\"><input size=\"40\" class=\"wpcf7-form-control wpcf7-file\" accept=\".png,.jpg,.zip,.pdf\" aria-invalid=\"false\" type=\"file\" name=\"file-176\" \/><\/span>\n\t\t\t\t\t\t\t\t\t\t\t\t\t\t\t\t\t\t<\/p>\n\t\t\t\t\t\t\t\t\t\t\t\t\t\t\t\t\t\t<div class=\"no-margin\">\n\t\t\t\t\t\t\t\t\t\t\t\t\t\t\t\t\t\t\t<p><b>ALLEGATO<\/b><span class=\"wpcf7-form-control-wrap\" data-name=\"file-177\"><input size=\"40\" class=\"wpcf7-form-control wpcf7-file\" accept=\".png,.jpg,.zip,.pdf\" aria-invalid=\"false\" type=\"file\" name=\"file-177\" \/><\/span>\n\t\t\t\t\t\t\t\t\t\t\t\t\t\t\t\t\t\t\t<\/p>\n\t\t\t\t\t\t\t\t\t\t\t\t\t\t\t\t\t\t\t<div class=\"no-margin\">\n\t\t\t\t\t\t\t\t\t\t\t\t\t\t\t\t\t\t\t\t<p><span class=\"wpcf7-form-control-wrap\" data-name=\"acceptance-786\"><span class=\"wpcf7-form-control wpcf7-acceptance\"><span class=\"wpcf7-list-item\"><label><input type=\"checkbox\" name=\"acceptance-786\" value=\"1\" aria-invalid=\"false\" \/><span class=\"wpcf7-list-item-label\">cliccando invia messaggio acconsenti al nostro trattamento sulla <a href=\"https:\/\/tesorinascosti.com\/mercatinousato\/privacy-policy\/\" target=\"_blank\">privacy policy<\/a><\/span><\/label><\/span><\/span><\/span><br \/>\n<span class=\"wpcf7-form-control-wrap\" data-name=\"sendinblue-opt-in\"><span class=\"wpcf7-form-control wpcf7-checkbox\"><span class=\"wpcf7-list-item first last\"><input type=\"checkbox\" name=\"sendinblue-opt-in[]\" value=\"Iscriviti alla nostra Newsletter\" checked=\"checked\" \/><span class=\"wpcf7-list-item-label\">Iscriviti alla nostra Newsletter<\/span><\/span><\/span><\/span><br \/>\n\t\t\t\t\t\t\t\t\t\t\t\t\t\t\t\t\t\t\t\t<input class=\"wpcf7-form-control wpcf7-hidden\" value=\"3\" type=\"hidden\" name=\"sendinblue-list-id\" \/><br \/>\n<input class=\"wpcf7-form-control wpcf7-submit has-spinner highlight-button-dark btn btn-small button xs-margin-bottom-five\" type=\"submit\" value=\"invia messaggio\" \/>\n\t\t\t\t\t\t\t\t\t\t\t\t\t\t\t\t\t\t\t\t<\/p>\n\t\t\t\t\t\t\t\t\t\t\t\t\t\t\t\t\t\t\t<\/div>\n\t\t\t\t\t\t\t\t\t\t\t\t\t\t\t\t\t\t<\/div>\n\t\t\t\t\t\t\t\t\t\t\t\t\t\t\t\t\t<\/div>\n\t\t\t\t\t\t\t\t\t\t\t\t\t\t\t\t<\/div>\n\t\t\t\t\t\t\t\t\t\t\t\t\t\t\t<\/div>\n\t\t\t\t\t\t\t\t\t\t\t\t\t\t<\/div>\n\t\t\t\t\t\t\t\t\t\t\t\t\t<\/div>\n\t\t\t\t\t\t\t\t\t\t\t\t<\/div>\n\t\t\t\t\t\t\t\t\t\t\t<\/div>\n\t\t\t\t\t\t\t\t\t\t<\/div>\n\t\t\t\t\t\t\t\t\t<\/div>\n\t\t\t\t\t\t\t\t<\/div>\n\t\t\t\t\t\t\t<\/div>\n\t\t\t\t\t\t<\/div>\n\t\t\t\t\t<\/div>\n\t\t\t\t<\/div>\n\t\t\t<\/div>\n\t\t<\/div>\n\t<\/div>\n<\/div><p style=\"display: none !important;\" class=\"akismet-fields-container\" data-prefix=\"_wpcf7_ak_\"><label>&#916;<textarea name=\"_wpcf7_ak_hp_textarea\" cols=\"45\" rows=\"8\" maxlength=\"100\"><\/textarea><\/label><input type=\"hidden\" id=\"ak_js_1\" name=\"_wpcf7_ak_js\" value=\"239\"\/><script>document.getElementById( \"ak_js_1\" ).setAttribute( \"value\", ( new Date() ).getTime() );<\/script><\/p><input type='hidden' class='wpcf7-pum' value='{\"closepopup\":false,\"closedelay\":0,\"openpopup\":false,\"openpopup_id\":0}' \/><div class=\"wpcf7-response-output\" aria-hidden=\"true\"><\/div>\n<\/form>\n<\/div>\n<\/div><\/div><\/div><\/div><\/section>","protected":false},"excerpt":{"rendered":"<p>Vuoi una quotazione per il tuo trasloco? Compila il modulo e ti risponderemo quanto prima! [vc_empty_space] I VOSTRI DATI TRASLOCO DA CasaAppartamento NUMERO STANZE12345 o pi\u00f9 ASCENSORESiNo PIANO012345 o pi\u00f9 TRASLOCO VERSO CasaAppartamento ASCENSORESiNo PIANO012345 o pi\u00f9 SERVIZI AGGIUNTIVIServizio di imballaggioMateriale di imballaggioSmontare \/ rimontare articoliDeposito ALLEGATO ALLEGATO ALLEGATO ALLEGATO cliccando invia messaggio acconsenti al [&hellip;]<\/p>\n","protected":false},"author":1,"featured_media":0,"parent":0,"menu_order":0,"comment_status":"closed","ping_status":"closed","template":"","meta":{"footnotes":""},"class_list":["post-19940","page","type-page","status-publish","hentry"],"yoast_head":"<!-- This site is optimized with the Yoast SEO plugin v26.1.1 - https:\/\/yoast.com\/wordpress\/plugins\/seo\/ -->\n<title>Trasloco &#8226; Mercatino Usato Roma e Velletri - Tesori Nascosti<\/title>\n<meta name=\"robots\" content=\"index, follow, max-snippet:-1, max-image-preview:large, max-video-preview:-1\" \/>\n<link rel=\"canonical\" href=\"https:\/\/www.tesorinascosti.com\/mercatinousato\/trasloco\/\" \/>\n<meta property=\"og:locale\" content=\"it_IT\" \/>\n<meta property=\"og:type\" content=\"article\" \/>\n<meta property=\"og:title\" content=\"Trasloco &#8226; Mercatino Usato Roma e Velletri - Tesori Nascosti\" \/>\n<meta property=\"og:description\" content=\"Vuoi una quotazione per il tuo trasloco? Compila il modulo e ti risponderemo quanto prima! [vc_empty_space] I VOSTRI DATI TRASLOCO DA CasaAppartamento NUMERO STANZE12345 o pi\u00f9 ASCENSORESiNo PIANO012345 o pi\u00f9 TRASLOCO VERSO CasaAppartamento ASCENSORESiNo PIANO012345 o pi\u00f9 SERVIZI AGGIUNTIVIServizio di imballaggioMateriale di imballaggioSmontare \/ rimontare articoliDeposito ALLEGATO ALLEGATO ALLEGATO ALLEGATO cliccando invia messaggio acconsenti al [&hellip;]\" \/>\n<meta property=\"og:url\" content=\"https:\/\/www.tesorinascosti.com\/mercatinousato\/trasloco\/\" \/>\n<meta property=\"og:site_name\" content=\"Mercatino Usato Roma e Velletri - Tesori Nascosti\" \/>\n<meta property=\"article:publisher\" content=\"https:\/\/www.facebook.com\/tesorinascostiroma\/\" \/>\n<meta property=\"article:modified_time\" content=\"2020-07-05T07:51:48+00:00\" \/>\n<meta name=\"twitter:card\" content=\"summary_large_image\" \/>\n<meta name=\"twitter:label1\" content=\"Tempo di lettura stimato\" \/>\n\t<meta name=\"twitter:data1\" content=\"1 minuto\" \/>\n<script type=\"application\/ld+json\" class=\"yoast-schema-graph\">{\"@context\":\"https:\/\/schema.org\",\"@graph\":[{\"@type\":\"WebPage\",\"@id\":\"https:\/\/www.tesorinascosti.com\/mercatinousato\/trasloco\/\",\"url\":\"https:\/\/www.tesorinascosti.com\/mercatinousato\/trasloco\/\",\"name\":\"Trasloco &#8226; Mercatino Usato Roma e Velletri - Tesori Nascosti\",\"isPartOf\":{\"@id\":\"https:\/\/www.tesorinascosti.com\/mercatinousato\/#website\"},\"datePublished\":\"2020-07-04T06:41:16+00:00\",\"dateModified\":\"2020-07-05T07:51:48+00:00\",\"breadcrumb\":{\"@id\":\"https:\/\/www.tesorinascosti.com\/mercatinousato\/trasloco\/#breadcrumb\"},\"inLanguage\":\"it-IT\",\"potentialAction\":[{\"@type\":\"ReadAction\",\"target\":[\"https:\/\/www.tesorinascosti.com\/mercatinousato\/trasloco\/\"]}]},{\"@type\":\"BreadcrumbList\",\"@id\":\"https:\/\/www.tesorinascosti.com\/mercatinousato\/trasloco\/#breadcrumb\",\"itemListElement\":[{\"@type\":\"ListItem\",\"position\":1,\"name\":\"Home\",\"item\":\"https:\/\/www.tesorinascosti.com\/mercatinousato\/\"},{\"@type\":\"ListItem\",\"position\":2,\"name\":\"Trasloco\"}]},{\"@type\":\"WebSite\",\"@id\":\"https:\/\/www.tesorinascosti.com\/mercatinousato\/#website\",\"url\":\"https:\/\/www.tesorinascosti.com\/mercatinousato\/\",\"name\":\"Mercatino dell'usato Roma e Velletri Tesori Nascosti\",\"description\":\"Mobili usati, Compravendita usato, Traslochi e Sgomberi\",\"publisher\":{\"@id\":\"https:\/\/www.tesorinascosti.com\/mercatinousato\/#organization\"},\"potentialAction\":[{\"@type\":\"SearchAction\",\"target\":{\"@type\":\"EntryPoint\",\"urlTemplate\":\"https:\/\/www.tesorinascosti.com\/mercatinousato\/?s={search_term_string}\"},\"query-input\":{\"@type\":\"PropertyValueSpecification\",\"valueRequired\":true,\"valueName\":\"search_term_string\"}}],\"inLanguage\":\"it-IT\"},{\"@type\":\"Organization\",\"@id\":\"https:\/\/www.tesorinascosti.com\/mercatinousato\/#organization\",\"name\":\"Tesori Nascosti Mercatino dell'usato Roma e Velletri\",\"url\":\"https:\/\/www.tesorinascosti.com\/mercatinousato\/\",\"logo\":{\"@type\":\"ImageObject\",\"inLanguage\":\"it-IT\",\"@id\":\"https:\/\/www.tesorinascosti.com\/mercatinousato\/#\/schema\/logo\/image\/\",\"url\":\"https:\/\/www.tesorinascosti.com\/mercatinousato\/wp-content\/uploads\/2020\/05\/1999_omino.png\",\"contentUrl\":\"https:\/\/www.tesorinascosti.com\/mercatinousato\/wp-content\/uploads\/2020\/05\/1999_omino.png\",\"width\":124,\"height\":300,\"caption\":\"Tesori Nascosti Mercatino dell'usato Roma e Velletri\"},\"image\":{\"@id\":\"https:\/\/www.tesorinascosti.com\/mercatinousato\/#\/schema\/logo\/image\/\"},\"sameAs\":[\"https:\/\/www.facebook.com\/tesorinascostiroma\/\",\"https:\/\/www.instagram.com\/_tesorinascosti_\/\"]}]}<\/script>\n<!-- \/ Yoast SEO plugin. -->","yoast_head_json":{"title":"Trasloco &#8226; Mercatino Usato Roma e Velletri - Tesori Nascosti","robots":{"index":"index","follow":"follow","max-snippet":"max-snippet:-1","max-image-preview":"max-image-preview:large","max-video-preview":"max-video-preview:-1"},"canonical":"https:\/\/www.tesorinascosti.com\/mercatinousato\/trasloco\/","og_locale":"it_IT","og_type":"article","og_title":"Trasloco &#8226; Mercatino Usato Roma e Velletri - Tesori Nascosti","og_description":"Vuoi una quotazione per il tuo trasloco? Compila il modulo e ti risponderemo quanto prima! [vc_empty_space] I VOSTRI DATI TRASLOCO DA CasaAppartamento NUMERO STANZE12345 o pi\u00f9 ASCENSORESiNo PIANO012345 o pi\u00f9 TRASLOCO VERSO CasaAppartamento ASCENSORESiNo PIANO012345 o pi\u00f9 SERVIZI AGGIUNTIVIServizio di imballaggioMateriale di imballaggioSmontare \/ rimontare articoliDeposito ALLEGATO ALLEGATO ALLEGATO ALLEGATO cliccando invia messaggio acconsenti al [&hellip;]","og_url":"https:\/\/www.tesorinascosti.com\/mercatinousato\/trasloco\/","og_site_name":"Mercatino Usato Roma e Velletri - Tesori Nascosti","article_publisher":"https:\/\/www.facebook.com\/tesorinascostiroma\/","article_modified_time":"2020-07-05T07:51:48+00:00","twitter_card":"summary_large_image","twitter_misc":{"Tempo di lettura stimato":"1 minuto"},"schema":{"@context":"https:\/\/schema.org","@graph":[{"@type":"WebPage","@id":"https:\/\/www.tesorinascosti.com\/mercatinousato\/trasloco\/","url":"https:\/\/www.tesorinascosti.com\/mercatinousato\/trasloco\/","name":"Trasloco &#8226; Mercatino Usato Roma e Velletri - Tesori Nascosti","isPartOf":{"@id":"https:\/\/www.tesorinascosti.com\/mercatinousato\/#website"},"datePublished":"2020-07-04T06:41:16+00:00","dateModified":"2020-07-05T07:51:48+00:00","breadcrumb":{"@id":"https:\/\/www.tesorinascosti.com\/mercatinousato\/trasloco\/#breadcrumb"},"inLanguage":"it-IT","potentialAction":[{"@type":"ReadAction","target":["https:\/\/www.tesorinascosti.com\/mercatinousato\/trasloco\/"]}]},{"@type":"BreadcrumbList","@id":"https:\/\/www.tesorinascosti.com\/mercatinousato\/trasloco\/#breadcrumb","itemListElement":[{"@type":"ListItem","position":1,"name":"Home","item":"https:\/\/www.tesorinascosti.com\/mercatinousato\/"},{"@type":"ListItem","position":2,"name":"Trasloco"}]},{"@type":"WebSite","@id":"https:\/\/www.tesorinascosti.com\/mercatinousato\/#website","url":"https:\/\/www.tesorinascosti.com\/mercatinousato\/","name":"Mercatino dell'usato Roma e Velletri Tesori Nascosti","description":"Mobili usati, Compravendita usato, Traslochi e Sgomberi","publisher":{"@id":"https:\/\/www.tesorinascosti.com\/mercatinousato\/#organization"},"potentialAction":[{"@type":"SearchAction","target":{"@type":"EntryPoint","urlTemplate":"https:\/\/www.tesorinascosti.com\/mercatinousato\/?s={search_term_string}"},"query-input":{"@type":"PropertyValueSpecification","valueRequired":true,"valueName":"search_term_string"}}],"inLanguage":"it-IT"},{"@type":"Organization","@id":"https:\/\/www.tesorinascosti.com\/mercatinousato\/#organization","name":"Tesori Nascosti Mercatino dell'usato Roma e Velletri","url":"https:\/\/www.tesorinascosti.com\/mercatinousato\/","logo":{"@type":"ImageObject","inLanguage":"it-IT","@id":"https:\/\/www.tesorinascosti.com\/mercatinousato\/#\/schema\/logo\/image\/","url":"https:\/\/www.tesorinascosti.com\/mercatinousato\/wp-content\/uploads\/2020\/05\/1999_omino.png","contentUrl":"https:\/\/www.tesorinascosti.com\/mercatinousato\/wp-content\/uploads\/2020\/05\/1999_omino.png","width":124,"height":300,"caption":"Tesori Nascosti Mercatino dell'usato Roma e Velletri"},"image":{"@id":"https:\/\/www.tesorinascosti.com\/mercatinousato\/#\/schema\/logo\/image\/"},"sameAs":["https:\/\/www.facebook.com\/tesorinascostiroma\/","https:\/\/www.instagram.com\/_tesorinascosti_\/"]}]}},"_links":{"self":[{"href":"https:\/\/www.tesorinascosti.com\/mercatinousato\/wp-json\/wp\/v2\/pages\/19940","targetHints":{"allow":["GET"]}}],"collection":[{"href":"https:\/\/www.tesorinascosti.com\/mercatinousato\/wp-json\/wp\/v2\/pages"}],"about":[{"href":"https:\/\/www.tesorinascosti.com\/mercatinousato\/wp-json\/wp\/v2\/types\/page"}],"author":[{"embeddable":true,"href":"https:\/\/www.tesorinascosti.com\/mercatinousato\/wp-json\/wp\/v2\/users\/1"}],"replies":[{"embeddable":true,"href":"https:\/\/www.tesorinascosti.com\/mercatinousato\/wp-json\/wp\/v2\/comments?post=19940"}],"version-history":[{"count":0,"href":"https:\/\/www.tesorinascosti.com\/mercatinousato\/wp-json\/wp\/v2\/pages\/19940\/revisions"}],"wp:attachment":[{"href":"https:\/\/www.tesorinascosti.com\/mercatinousato\/wp-json\/wp\/v2\/media?parent=19940"}],"curies":[{"name":"wp","href":"https:\/\/api.w.org\/{rel}","templated":true}]}}