{"id":19114,"date":"2020-05-16T19:57:28","date_gmt":"2020-05-16T19:57:28","guid":{"rendered":"https:\/\/tesorinascosti.com\/mercatinousatoroma\/?page_id=19114"},"modified":"2022-07-04T18:56:16","modified_gmt":"2022-07-04T18:56:16","slug":"tesori-nascosti-velletri","status":"publish","type":"page","link":"https:\/\/www.tesorinascosti.com\/mercatinousato\/tesori-nascosti-velletri\/","title":{"rendered":"Tesori Nascosti Velletri"},"content":{"rendered":"<section class=\"no-padding\"><div class=\"container-fluid\"><div class=\"row\"><div class=\"wpb_column hcode-column-container no-padding  col-xs-mobile-fullwidth\" data-front-class=\"no-padding col-xs-mobile-fullwidth front-column-class\"><div class=\"vc-column-innner-wrapper\"><div id=\"canvas1\" class=\"contact-map map\"><iframe loading=\"lazy\" id=\"map_canvas1\" src=\"https:\/\/www.google.com\/maps\/d\/embed?mid=12X6mJ6xO6eiocNBoiy5kMby5qG3bBTa3\" width=\"300\" height=\"150\"><\/iframe><\/div>\n<\/div><\/div><\/div><\/div><\/section><section id=\"contact-us\"><div class=\"container\"><div class=\"row\"><div class=\"wpb_column hcode-column-container vc_col-sm-6 vc_col-md-4 col-xs-mobile-fullwidth\" data-front-class=\"col-xs-mobile-fullwidth\"><div class=\"vc-column-innner-wrapper\"><h2>SEDE DI VELLETRI<\/h2>\n<p>Via dei Laghi, 5<br \/>\nTel. 069641693<br \/>\nTel. 069420800<br \/>\nCell. 3512779404<br \/>\nCell. 3401201747 (SOLO WhatsApp)<\/p>\n<p>Orario Estivo: <strong>da Luned\u00ec a Domenica 10-13 e dalle 16.30-20<\/strong><br \/>\nOrario Invernale dal 21 Settembre: <strong>da Luned\u00ec a Domenica 10-13 e dalle 16-19.30<\/strong><\/p>\n<h3>FESTIVIT\u00c0:<\/h3>\n<ul>\n<li><strong>24\/12<\/strong> orario 10-13<\/li>\n<li><strong>25\/ 26<\/strong> dicembre chiusi<\/li>\n<li><strong>31\/12<\/strong> orario 10-13<\/li>\n<li><strong>01\/01<\/strong> chiusi<\/li>\n<li>tutti gli altri giorni aperti Befana inclusa!<\/li>\n<\/ul>\n<\/div><\/div><div class=\"wpb_column hcode-column-container vc_col-sm-6 vc_col-md-offset-2 vc_col-md-6 col-xs-mobile-fullwidth\" data-front-class=\"col-xs-mobile-fullwidth\"><div class=\"vc-column-innner-wrapper\">\n<div class=\"wpcf7 no-js\" id=\"wpcf7-f19194-o1\" lang=\"it-IT\" dir=\"ltr\" data-wpcf7-id=\"19194\">\n<div class=\"screen-reader-response\"><p role=\"status\" aria-live=\"polite\" aria-atomic=\"true\"><\/p> <ul><\/ul><\/div>\n<form action=\"\/mercatinousato\/wp-json\/wp\/v2\/pages\/19114#wpcf7-f19194-o1\" method=\"post\" class=\"wpcf7-form init\" aria-label=\"Modulo di contatto\" novalidate=\"novalidate\" data-status=\"init\">\n<fieldset class=\"hidden-fields-container\"><input type=\"hidden\" name=\"_wpcf7\" value=\"19194\" \/><input type=\"hidden\" name=\"_wpcf7_version\" value=\"6.1.2\" \/><input type=\"hidden\" name=\"_wpcf7_locale\" value=\"it_IT\" \/><input type=\"hidden\" name=\"_wpcf7_unit_tag\" value=\"wpcf7-f19194-o1\" \/><input type=\"hidden\" name=\"_wpcf7_container_post\" value=\"0\" \/><input type=\"hidden\" name=\"_wpcf7_posted_data_hash\" value=\"\" \/>\n<\/fieldset>\n<div class=\"no-margin\">\n\t<p><span class=\"wpcf7-form-control-wrap\" data-name=\"your-name\"><input size=\"40\" maxlength=\"400\" class=\"wpcf7-form-control wpcf7-text wpcf7-validates-as-required\" aria-required=\"true\" aria-invalid=\"false\" placeholder=\"NOME\" value=\"\" type=\"text\" name=\"your-name\" \/><\/span><span class=\"wpcf7-form-control-wrap\" data-name=\"email-771\"><input size=\"40\" maxlength=\"400\" class=\"wpcf7-form-control wpcf7-email wpcf7-validates-as-required wpcf7-text wpcf7-validates-as-email\" aria-required=\"true\" aria-invalid=\"false\" placeholder=\"EMAIL\" value=\"\" type=\"email\" name=\"email-771\" \/><\/span><span class=\"wpcf7-form-control-wrap\" data-name=\"your-message\"><textarea cols=\"40\" rows=\"2\" maxlength=\"2000\" class=\"wpcf7-form-control wpcf7-textarea\" aria-invalid=\"false\" placeholder=\"MESSAGGIO\" name=\"your-message\"><\/textarea><\/span><span class=\"wpcf7-form-control-wrap\" data-name=\"acceptance-786\"><span class=\"wpcf7-form-control wpcf7-acceptance\"><span class=\"wpcf7-list-item\"><label><input type=\"checkbox\" name=\"acceptance-786\" value=\"1\" aria-invalid=\"false\" \/><span class=\"wpcf7-list-item-label\">cliccando invia messaggio acconsenti al nostro trattamento sulla <a href=\"https:\/\/tesorinascosti.com\/mercatinousato\/privacy-policy\/\" target=\"_blank\">privacy policy<\/a><\/span><\/label><\/span><\/span><\/span><br \/>\n<span class=\"wpcf7-form-control-wrap\" data-name=\"sendinblue-opt-in\"><span class=\"wpcf7-form-control wpcf7-checkbox\"><span class=\"wpcf7-list-item first last\"><input type=\"checkbox\" name=\"sendinblue-opt-in[]\" value=\"Iscriviti alla nostra Newsletter\" checked=\"checked\" \/><span class=\"wpcf7-list-item-label\">Iscriviti alla nostra Newsletter<\/span><\/span><\/span><\/span><br \/>\n\t<input class=\"wpcf7-form-control wpcf7-hidden\" value=\"3\" type=\"hidden\" name=\"sendinblue-list-id\" \/><br \/>\n<input class=\"wpcf7-form-control wpcf7-submit has-spinner highlight-button-dark btn btn-small button xs-margin-bottom-five\" type=\"submit\" value=\"invia messaggio\" \/>\n\t<\/p>\n<\/div><p style=\"display: none !important;\" class=\"akismet-fields-container\" data-prefix=\"_wpcf7_ak_\"><label>&#916;<textarea name=\"_wpcf7_ak_hp_textarea\" cols=\"45\" rows=\"8\" maxlength=\"100\"><\/textarea><\/label><input type=\"hidden\" id=\"ak_js_1\" name=\"_wpcf7_ak_js\" value=\"108\"\/><script>document.getElementById( \"ak_js_1\" ).setAttribute( \"value\", ( new Date() ).getTime() );<\/script><\/p><input type='hidden' class='wpcf7-pum' value='{\"closepopup\":false,\"closedelay\":0,\"openpopup\":false,\"openpopup_id\":0}' \/><div class=\"wpcf7-response-output\" aria-hidden=\"true\"><\/div>\n<\/form>\n<\/div>\n<\/div><\/div><\/div><\/div><\/section><section style=\"background-color:#dd3333;\"><div class=\"container-fluid\"><div class=\"row\"><div class=\"wpb_column hcode-column-container center-col text-center vc_col-sm-10 vc_col-md-7 col-xs-mobile-fullwidth\" data-front-class=\"center-col text-center col-xs-mobile-fullwidth\"><div class=\"vc-column-innner-wrapper\"><div class=\"heading-style-five no-padding margin-three-bottom\"><h2 style=\" color:#ffffff; \"><i class=\"fas fa-thumbs-up medium-icon vertical-align-middle\" style = \"color: #ffffff;\"><\/i> Vuoi darci dei suggerimenti per migliorare il nostro sito?<\/h2><\/div><\/div><\/div><div class=\"wpb_column hcode-column-container center-col text-center vc_col-sm-5 vc_col-lg-3 vc_col-md-4 col-xs-mobile-fullwidth\" data-front-class=\"center-col text-center col-xs-mobile-fullwidth\"><div class=\"vc-column-innner-wrapper\"><div class=\"slider-text-middle2 animated fadeInUp position-relative text-center\"><a class=\"btn-small-white-dark btn btn-medium button xs-margin-bottom-five popup-with-form no-margin hcode-button-69f07df63cb37\" href=\"#popup-form-1444107978\" target=\"_self\">INVIA CONSIGLIO<\/a><div id=\"popup-form-1444107978\" class=\"vc_col-sm-7 vc_col-lg-3 vc_col-md-6 vc_col-xs-11 center-col text-center mfp-hide position-initial\">\n<div class=\"wpcf7 no-js\" id=\"wpcf7-f20311-o2\" lang=\"it-IT\" dir=\"ltr\" data-wpcf7-id=\"20311\">\n<div class=\"screen-reader-response\"><p role=\"status\" aria-live=\"polite\" aria-atomic=\"true\"><\/p> <ul><\/ul><\/div>\n<form action=\"\/mercatinousato\/wp-json\/wp\/v2\/pages\/19114#wpcf7-f20311-o2\" method=\"post\" class=\"wpcf7-form init\" aria-label=\"Modulo di contatto\" novalidate=\"novalidate\" data-status=\"init\">\n<fieldset class=\"hidden-fields-container\"><input type=\"hidden\" name=\"_wpcf7\" value=\"20311\" \/><input type=\"hidden\" name=\"_wpcf7_version\" value=\"6.1.2\" \/><input type=\"hidden\" name=\"_wpcf7_locale\" value=\"it_IT\" \/><input type=\"hidden\" name=\"_wpcf7_unit_tag\" value=\"wpcf7-f20311-o2\" \/><input type=\"hidden\" name=\"_wpcf7_container_post\" value=\"0\" \/><input type=\"hidden\" name=\"_wpcf7_posted_data_hash\" value=\"\" \/>\n<\/fieldset>\n<div class=\"no-margin\">\n\t<p><span class=\"wpcf7-form-control-wrap\" data-name=\"your-name\"><input size=\"40\" maxlength=\"400\" class=\"wpcf7-form-control wpcf7-text wpcf7-validates-as-required\" aria-required=\"true\" aria-invalid=\"false\" placeholder=\"NOME\" value=\"\" type=\"text\" name=\"your-name\" \/><\/span><span class=\"wpcf7-form-control-wrap\" data-name=\"your-message\"><textarea cols=\"40\" rows=\"2\" maxlength=\"2000\" class=\"wpcf7-form-control wpcf7-textarea\" aria-invalid=\"false\" placeholder=\"CONSIGLIO\" name=\"your-message\"><\/textarea><\/span><span class=\"wpcf7-form-control-wrap\" data-name=\"acceptance-786\"><span class=\"wpcf7-form-control wpcf7-acceptance\"><span class=\"wpcf7-list-item\"><label><input type=\"checkbox\" name=\"acceptance-786\" value=\"1\" aria-invalid=\"false\" \/><span class=\"wpcf7-list-item-label\">cliccando invia messaggio acconsenti al nostro trattamento sulla <a href=\"https:\/\/tesorinascosti.com\/mercatinousato\/privacy-policy\/\" target=\"_blank\">privacy policy<\/a><\/span><\/label><\/span><\/span><\/span><input class=\"wpcf7-form-control wpcf7-submit has-spinner highlight-button-dark btn btn-small button xs-margin-bottom-five\" type=\"submit\" value=\"invia\" \/>\n\t<\/p>\n<\/div><p style=\"display: none !important;\" class=\"akismet-fields-container\" data-prefix=\"_wpcf7_ak_\"><label>&#916;<textarea name=\"_wpcf7_ak_hp_textarea\" cols=\"45\" rows=\"8\" maxlength=\"100\"><\/textarea><\/label><input type=\"hidden\" id=\"ak_js_2\" name=\"_wpcf7_ak_js\" value=\"174\"\/><script>document.getElementById( \"ak_js_2\" ).setAttribute( \"value\", ( new Date() ).getTime() );<\/script><\/p><input type='hidden' class='wpcf7-pum' value='{\"closepopup\":false,\"closedelay\":0,\"openpopup\":false,\"openpopup_id\":0}' \/><div class=\"wpcf7-response-output\" aria-hidden=\"true\"><\/div>\n<\/form>\n<\/div>\n<\/div><\/div><\/div><\/div><\/div><\/div><\/section>","protected":false},"excerpt":{"rendered":"<p>SEDE DI VELLETRI Via dei Laghi, 5 Tel. 069641693 Tel. 069420800 Cell. 3512779404 Cell. 3401201747 (SOLO WhatsApp) Orario Estivo: da Luned\u00ec a Domenica 10-13 e dalle 16.30-20 Orario Invernale dal 21 Settembre: da Luned\u00ec a Domenica 10-13 e dalle 16-19.30 FESTIVIT\u00c0: 24\/12 orario 10-13 25\/ 26 dicembre chiusi 31\/12 orario 10-13 01\/01 chiusi tutti gli [&hellip;]<\/p>\n","protected":false},"author":1,"featured_media":0,"parent":0,"menu_order":0,"comment_status":"open","ping_status":"open","template":"","meta":{"footnotes":""},"class_list":["post-19114","page","type-page","status-publish","hentry"],"yoast_head":"<!-- This site is optimized with the Yoast SEO plugin v26.1.1 - https:\/\/yoast.com\/wordpress\/plugins\/seo\/ -->\n<title>Tesori Nascosti Velletri &#8226; Mercatino Usato Roma e Velletri - Tesori Nascosti<\/title>\n<meta name=\"robots\" content=\"index, follow, max-snippet:-1, max-image-preview:large, max-video-preview:-1\" \/>\n<link rel=\"canonical\" href=\"https:\/\/www.tesorinascosti.com\/mercatinousato\/tesori-nascosti-velletri\/\" \/>\n<meta property=\"og:locale\" content=\"it_IT\" \/>\n<meta property=\"og:type\" content=\"article\" \/>\n<meta property=\"og:title\" content=\"Tesori Nascosti Velletri &#8226; Mercatino Usato Roma e Velletri - Tesori Nascosti\" \/>\n<meta property=\"og:description\" content=\"SEDE DI VELLETRI Via dei Laghi, 5 Tel. 069641693 Tel. 069420800 Cell. 3512779404 Cell. 3401201747 (SOLO WhatsApp) Orario Estivo: da Luned\u00ec a Domenica 10-13 e dalle 16.30-20 Orario Invernale dal 21 Settembre: da Luned\u00ec a Domenica 10-13 e dalle 16-19.30 FESTIVIT\u00c0: 24\/12 orario 10-13 25\/ 26 dicembre chiusi 31\/12 orario 10-13 01\/01 chiusi tutti gli [&hellip;]\" \/>\n<meta property=\"og:url\" content=\"https:\/\/www.tesorinascosti.com\/mercatinousato\/tesori-nascosti-velletri\/\" \/>\n<meta property=\"og:site_name\" content=\"Mercatino Usato Roma e Velletri - Tesori Nascosti\" \/>\n<meta property=\"article:publisher\" content=\"https:\/\/www.facebook.com\/tesorinascostiroma\/\" \/>\n<meta property=\"article:modified_time\" content=\"2022-07-04T18:56:16+00:00\" \/>\n<meta name=\"twitter:card\" content=\"summary_large_image\" \/>\n<meta name=\"twitter:label1\" content=\"Tempo di lettura stimato\" \/>\n\t<meta name=\"twitter:data1\" content=\"1 minuto\" \/>\n<script type=\"application\/ld+json\" class=\"yoast-schema-graph\">{\"@context\":\"https:\/\/schema.org\",\"@graph\":[{\"@type\":\"WebPage\",\"@id\":\"https:\/\/www.tesorinascosti.com\/mercatinousato\/tesori-nascosti-velletri\/\",\"url\":\"https:\/\/www.tesorinascosti.com\/mercatinousato\/tesori-nascosti-velletri\/\",\"name\":\"Tesori Nascosti Velletri &#8226; Mercatino Usato Roma e Velletri - Tesori Nascosti\",\"isPartOf\":{\"@id\":\"https:\/\/www.tesorinascosti.com\/mercatinousato\/#website\"},\"datePublished\":\"2020-05-16T19:57:28+00:00\",\"dateModified\":\"2022-07-04T18:56:16+00:00\",\"breadcrumb\":{\"@id\":\"https:\/\/www.tesorinascosti.com\/mercatinousato\/tesori-nascosti-velletri\/#breadcrumb\"},\"inLanguage\":\"it-IT\",\"potentialAction\":[{\"@type\":\"ReadAction\",\"target\":[\"https:\/\/www.tesorinascosti.com\/mercatinousato\/tesori-nascosti-velletri\/\"]}]},{\"@type\":\"BreadcrumbList\",\"@id\":\"https:\/\/www.tesorinascosti.com\/mercatinousato\/tesori-nascosti-velletri\/#breadcrumb\",\"itemListElement\":[{\"@type\":\"ListItem\",\"position\":1,\"name\":\"Home\",\"item\":\"https:\/\/www.tesorinascosti.com\/mercatinousato\/\"},{\"@type\":\"ListItem\",\"position\":2,\"name\":\"Tesori Nascosti Velletri\"}]},{\"@type\":\"WebSite\",\"@id\":\"https:\/\/www.tesorinascosti.com\/mercatinousato\/#website\",\"url\":\"https:\/\/www.tesorinascosti.com\/mercatinousato\/\",\"name\":\"Mercatino dell'usato Roma e Velletri Tesori Nascosti\",\"description\":\"Mobili usati, Compravendita usato, Traslochi e Sgomberi\",\"publisher\":{\"@id\":\"https:\/\/www.tesorinascosti.com\/mercatinousato\/#organization\"},\"potentialAction\":[{\"@type\":\"SearchAction\",\"target\":{\"@type\":\"EntryPoint\",\"urlTemplate\":\"https:\/\/www.tesorinascosti.com\/mercatinousato\/?s={search_term_string}\"},\"query-input\":{\"@type\":\"PropertyValueSpecification\",\"valueRequired\":true,\"valueName\":\"search_term_string\"}}],\"inLanguage\":\"it-IT\"},{\"@type\":\"Organization\",\"@id\":\"https:\/\/www.tesorinascosti.com\/mercatinousato\/#organization\",\"name\":\"Tesori Nascosti Mercatino dell'usato Roma e Velletri\",\"url\":\"https:\/\/www.tesorinascosti.com\/mercatinousato\/\",\"logo\":{\"@type\":\"ImageObject\",\"inLanguage\":\"it-IT\",\"@id\":\"https:\/\/www.tesorinascosti.com\/mercatinousato\/#\/schema\/logo\/image\/\",\"url\":\"https:\/\/www.tesorinascosti.com\/mercatinousato\/wp-content\/uploads\/2020\/05\/1999_omino.png\",\"contentUrl\":\"https:\/\/www.tesorinascosti.com\/mercatinousato\/wp-content\/uploads\/2020\/05\/1999_omino.png\",\"width\":124,\"height\":300,\"caption\":\"Tesori Nascosti Mercatino dell'usato Roma e Velletri\"},\"image\":{\"@id\":\"https:\/\/www.tesorinascosti.com\/mercatinousato\/#\/schema\/logo\/image\/\"},\"sameAs\":[\"https:\/\/www.facebook.com\/tesorinascostiroma\/\",\"https:\/\/www.instagram.com\/_tesorinascosti_\/\"]}]}<\/script>\n<!-- \/ Yoast SEO plugin. -->","yoast_head_json":{"title":"Tesori Nascosti Velletri &#8226; Mercatino Usato Roma e Velletri - Tesori Nascosti","robots":{"index":"index","follow":"follow","max-snippet":"max-snippet:-1","max-image-preview":"max-image-preview:large","max-video-preview":"max-video-preview:-1"},"canonical":"https:\/\/www.tesorinascosti.com\/mercatinousato\/tesori-nascosti-velletri\/","og_locale":"it_IT","og_type":"article","og_title":"Tesori Nascosti Velletri &#8226; Mercatino Usato Roma e Velletri - Tesori Nascosti","og_description":"SEDE DI VELLETRI Via dei Laghi, 5 Tel. 069641693 Tel. 069420800 Cell. 3512779404 Cell. 3401201747 (SOLO WhatsApp) Orario Estivo: da Luned\u00ec a Domenica 10-13 e dalle 16.30-20 Orario Invernale dal 21 Settembre: da Luned\u00ec a Domenica 10-13 e dalle 16-19.30 FESTIVIT\u00c0: 24\/12 orario 10-13 25\/ 26 dicembre chiusi 31\/12 orario 10-13 01\/01 chiusi tutti gli [&hellip;]","og_url":"https:\/\/www.tesorinascosti.com\/mercatinousato\/tesori-nascosti-velletri\/","og_site_name":"Mercatino Usato Roma e Velletri - Tesori Nascosti","article_publisher":"https:\/\/www.facebook.com\/tesorinascostiroma\/","article_modified_time":"2022-07-04T18:56:16+00:00","twitter_card":"summary_large_image","twitter_misc":{"Tempo di lettura stimato":"1 minuto"},"schema":{"@context":"https:\/\/schema.org","@graph":[{"@type":"WebPage","@id":"https:\/\/www.tesorinascosti.com\/mercatinousato\/tesori-nascosti-velletri\/","url":"https:\/\/www.tesorinascosti.com\/mercatinousato\/tesori-nascosti-velletri\/","name":"Tesori Nascosti Velletri &#8226; Mercatino Usato Roma e Velletri - Tesori Nascosti","isPartOf":{"@id":"https:\/\/www.tesorinascosti.com\/mercatinousato\/#website"},"datePublished":"2020-05-16T19:57:28+00:00","dateModified":"2022-07-04T18:56:16+00:00","breadcrumb":{"@id":"https:\/\/www.tesorinascosti.com\/mercatinousato\/tesori-nascosti-velletri\/#breadcrumb"},"inLanguage":"it-IT","potentialAction":[{"@type":"ReadAction","target":["https:\/\/www.tesorinascosti.com\/mercatinousato\/tesori-nascosti-velletri\/"]}]},{"@type":"BreadcrumbList","@id":"https:\/\/www.tesorinascosti.com\/mercatinousato\/tesori-nascosti-velletri\/#breadcrumb","itemListElement":[{"@type":"ListItem","position":1,"name":"Home","item":"https:\/\/www.tesorinascosti.com\/mercatinousato\/"},{"@type":"ListItem","position":2,"name":"Tesori Nascosti Velletri"}]},{"@type":"WebSite","@id":"https:\/\/www.tesorinascosti.com\/mercatinousato\/#website","url":"https:\/\/www.tesorinascosti.com\/mercatinousato\/","name":"Mercatino dell'usato Roma e Velletri Tesori Nascosti","description":"Mobili usati, Compravendita usato, Traslochi e Sgomberi","publisher":{"@id":"https:\/\/www.tesorinascosti.com\/mercatinousato\/#organization"},"potentialAction":[{"@type":"SearchAction","target":{"@type":"EntryPoint","urlTemplate":"https:\/\/www.tesorinascosti.com\/mercatinousato\/?s={search_term_string}"},"query-input":{"@type":"PropertyValueSpecification","valueRequired":true,"valueName":"search_term_string"}}],"inLanguage":"it-IT"},{"@type":"Organization","@id":"https:\/\/www.tesorinascosti.com\/mercatinousato\/#organization","name":"Tesori Nascosti Mercatino dell'usato Roma e Velletri","url":"https:\/\/www.tesorinascosti.com\/mercatinousato\/","logo":{"@type":"ImageObject","inLanguage":"it-IT","@id":"https:\/\/www.tesorinascosti.com\/mercatinousato\/#\/schema\/logo\/image\/","url":"https:\/\/www.tesorinascosti.com\/mercatinousato\/wp-content\/uploads\/2020\/05\/1999_omino.png","contentUrl":"https:\/\/www.tesorinascosti.com\/mercatinousato\/wp-content\/uploads\/2020\/05\/1999_omino.png","width":124,"height":300,"caption":"Tesori Nascosti Mercatino dell'usato Roma e Velletri"},"image":{"@id":"https:\/\/www.tesorinascosti.com\/mercatinousato\/#\/schema\/logo\/image\/"},"sameAs":["https:\/\/www.facebook.com\/tesorinascostiroma\/","https:\/\/www.instagram.com\/_tesorinascosti_\/"]}]}},"_links":{"self":[{"href":"https:\/\/www.tesorinascosti.com\/mercatinousato\/wp-json\/wp\/v2\/pages\/19114","targetHints":{"allow":["GET"]}}],"collection":[{"href":"https:\/\/www.tesorinascosti.com\/mercatinousato\/wp-json\/wp\/v2\/pages"}],"about":[{"href":"https:\/\/www.tesorinascosti.com\/mercatinousato\/wp-json\/wp\/v2\/types\/page"}],"author":[{"embeddable":true,"href":"https:\/\/www.tesorinascosti.com\/mercatinousato\/wp-json\/wp\/v2\/users\/1"}],"replies":[{"embeddable":true,"href":"https:\/\/www.tesorinascosti.com\/mercatinousato\/wp-json\/wp\/v2\/comments?post=19114"}],"version-history":[{"count":0,"href":"https:\/\/www.tesorinascosti.com\/mercatinousato\/wp-json\/wp\/v2\/pages\/19114\/revisions"}],"wp:attachment":[{"href":"https:\/\/www.tesorinascosti.com\/mercatinousato\/wp-json\/wp\/v2\/media?parent=19114"}],"curies":[{"name":"wp","href":"https:\/\/api.w.org\/{rel}","templated":true}]}}